{"id":7069,"date":"2022-10-05T15:03:50","date_gmt":"2022-10-05T15:03:50","guid":{"rendered":"http:\/\/www.xartcreative.com\/taksi\/?page_id=7069"},"modified":"2022-10-07T20:57:56","modified_gmt":"2022-10-07T20:57:56","slug":"taxi-blog","status":"publish","type":"page","link":"http:\/\/www.xartcreative.com\/taksi\/taxi-blog\/","title":{"rendered":"TAX\u0130 BLOG"},"content":{"rendered":"<p>[vc_row][vc_column]<div class=\"wd-blog-holder blog-shortcode  blog-pagination-\" id=\"6a016d2b99a1c\" data-paged=\"1\" data-atts=\"{&quot;post_type&quot;:&quot;post&quot;,&quot;include&quot;:&quot;&quot;,&quot;custom_query&quot;:&quot;&quot;,&quot;taxonomies&quot;:&quot;&quot;,&quot;pagination&quot;:&quot;&quot;,&quot;parts_media&quot;:true,&quot;parts_title&quot;:&quot;1&quot;,&quot;parts_meta&quot;:&quot;1&quot;,&quot;parts_text&quot;:&quot;1&quot;,&quot;parts_btn&quot;:&quot;1&quot;,&quot;items_per_page&quot;:12,&quot;offset&quot;:&quot;&quot;,&quot;orderby&quot;:&quot;date&quot;,&quot;order&quot;:&quot;DESC&quot;,&quot;meta_key&quot;:&quot;&quot;,&quot;exclude&quot;:&quot;&quot;,&quot;class&quot;:&quot;&quot;,&quot;ajax_page&quot;:&quot;&quot;,&quot;img_size&quot;:&quot;medium&quot;,&quot;blog_design&quot;:&quot;small-images&quot;,&quot;blog_carousel_design&quot;:&quot;masonry&quot;,&quot;blog_columns&quot;:&quot;3&quot;,&quot;blog_spacing&quot;:&quot;20&quot;,&quot;speed&quot;:&quot;5000&quot;,&quot;slides_per_view&quot;:&quot;3&quot;,&quot;wrap&quot;:&quot;&quot;,&quot;autoplay&quot;:&quot;no&quot;,&quot;hide_pagination_control&quot;:&quot;&quot;,&quot;hide_prev_next_buttons&quot;:&quot;&quot;,&quot;lazy_loading&quot;:&quot;no&quot;,&quot;scroll_carousel_init&quot;:&quot;no&quot;,&quot;scroll_per_page&quot;:&quot;yes&quot;,&quot;search&quot;:&quot;&quot;}\" data-source=\"shortcode\">\n<article id=\"post-1238\" class=\"blog-design-small-images blog-post-loop blog-style-shadow post-1238 post type-post status-publish format-standard has-post-thumbnail hentry category-taksi-blog tag-kepez-taksi tag-taksi tag-taksi-cagir tag-taksi-fiyatlari\">\n\t<div class=\"article-inner\">\n\t\t\t\t\t<header class=\"entry-header\">\n\t\t\t\t\t\t\t\t\t<figure id=\"carousel-744\" class=\"entry-thumbnail\">\n\t\t\t\t\t\t\n\t\t\t\t\t\t\t<div class=\"post-img-wrapp\">\n\t\t\t\t\t\t\t\t<a href=\"http:\/\/www.xartcreative.com\/taksi\/2021\/07\/23\/exploring-atlantas-modern-homes\/\">\n\t\t\t\t\t\t\t\t\t<img loading=\"lazy\" decoding=\"async\" width=\"400\" height=\"278\" src=\"http:\/\/www.xartcreative.com\/taksi\/wp-content\/uploads\/2022\/10\/photo-1556122071-e404eaedb77f-400x278.jpg\" class=\"attachment-large wp-post-image attachment-medium\" alt=\"\" title=\"photo-1556122071-e404eaedb77f\" srcset=\"http:\/\/www.xartcreative.com\/taksi\/wp-content\/uploads\/2022\/10\/photo-1556122071-e404eaedb77f-400x278.jpg 400w, http:\/\/www.xartcreative.com\/taksi\/wp-content\/uploads\/2022\/10\/photo-1556122071-e404eaedb77f-768x535.jpg 768w, http:\/\/www.xartcreative.com\/taksi\/wp-content\/uploads\/2022\/10\/photo-1556122071-e404eaedb77f-860x599.jpg 860w, http:\/\/www.xartcreative.com\/taksi\/wp-content\/uploads\/2022\/10\/photo-1556122071-e404eaedb77f-430x299.jpg 430w, http:\/\/www.xartcreative.com\/taksi\/wp-content\/uploads\/2022\/10\/photo-1556122071-e404eaedb77f-700x487.jpg 700w, http:\/\/www.xartcreative.com\/taksi\/wp-content\/uploads\/2022\/10\/photo-1556122071-e404eaedb77f-150x104.jpg 150w, http:\/\/www.xartcreative.com\/taksi\/wp-content\/uploads\/2022\/10\/photo-1556122071-e404eaedb77f.jpg 1000w\" sizes=\"auto, (max-width: 400px) 100vw, 400px\" \/>\t\t\t\t\t\t\t\t<\/a>\n\t\t\t\t\t\t\t<\/div>\n\t\t\t\t\t\t\t<div class=\"post-image-mask\">\n\t\t\t\t\t\t\t\t<span><\/span>\n\t\t\t\t\t\t\t<\/div>\n\n\t\t\t\t\t\t\n\t\t\t\t\t<\/figure>\n\t\t\t\t\n\t\t\t\t\t\t\t\t\t\t\t\t<div class=\"post-date wd-post-date wd-style-with-bg\" onclick=\"\">\n\t\t\t\t<span class=\"post-date-day\">\n\t\t\t\t\t23\t\t\t\t<\/span>\n\t\t\t\t<span class=\"post-date-month\">\n\t\t\t\t\tTem\t\t\t\t<\/span>\n\t\t\t<\/div>\n\t\t\t\t\t\t\n\t\t\t<\/header><!-- .entry-header -->\n\n\t\t<div class=\"article-body-container\">\n\t\t\t\n\t\t\t\t\t\t\t\t\t<div class=\"meta-categories-wrapp\"><div class=\"meta-post-categories wd-post-cat wd-style-with-bg\"><a href=\"http:\/\/www.xartcreative.com\/taksi\/category\/taksi-blog\/\" rel=\"category tag\">Taksi Blog<\/a><\/div><\/div>\n\t\t\t\t\n\t\t\t\t\t\t\t\t\t<h3 class=\"wd-entities-title title post-title\">\n\t\t\t\t\t\t<a href=\"http:\/\/www.xartcreative.com\/taksi\/2021\/07\/23\/exploring-atlantas-modern-homes\/\" rel=\"bookmark\">Taksi Fiyatlar\u0131na Zam m\u0131 Gelecek ?<\/a>\n\t\t\t\t\t<\/h3>\n\t\t\t\t\n\t\t\t\t\t\t\t\t\t<div class=\"entry-meta wd-entry-meta\">\n\t\t\t\t\t\t\t\t\t<ul class=\"entry-meta-list\">\n\t\t\t\t\t\t\t\t\t<li class=\"modified-date\">\n\t\t\t\t\t\t\t\t<time class=\"updated\" datetime=\"2022-10-07T20:57:15+00:00\">\n\t\t\tEkim 7, 2022\t\t<\/time>\n\t\t\t\t\t\t\t<\/li>\n\n\t\t\t\t\t\n\t\t\t\t\t\t\t\t\t\t\t<li class=\"meta-author\">\n\t\t\t\t\t\t\t\t\t\t\t\tBy\t\t\n\t\t\t\t\t<img alt='author-avatar' src='https:\/\/secure.gravatar.com\/avatar\/b362931263ecbfb141e0a633fd4c6a73028a2882d638c05085078df1cc6915d7?s=32&#038;d=mm&#038;r=g' srcset='https:\/\/secure.gravatar.com\/avatar\/b362931263ecbfb141e0a633fd4c6a73028a2882d638c05085078df1cc6915d7?s=64&#038;d=mm&#038;r=g 2x' class='avatar avatar-32 photo' height='32' width='32' \/>\t\t\n\t\t<a href=\"http:\/\/www.xartcreative.com\/taksi\/author\/admin\/\" rel=\"author\">\n\t\t\t<span class=\"vcard author author_name\">\n\t\t\t\t<span class=\"fn\">admin<\/span>\n\t\t\t<\/span>\n\t\t<\/a>\n\t\t\t\t\t\t\t\t<\/li>\n\t\t\t\t\t\n\t\t\t\t\t\n\t\t\t\t\t\t\t\t\t\t\t<li class=\"meta-reply\">\n\t\t\t\t\t\t\t<a href=\"http:\/\/www.xartcreative.com\/taksi\/2021\/07\/23\/exploring-atlantas-modern-homes\/#respond\"><span class=\"replies-count\">0<\/span> <span class=\"replies-count-label\">comments<\/span><\/a>\t\t\t\t\t\t<\/li>\n\t\t\t\t\t\t\t\t\t\t\t\t<\/ul>\n\t\t\t\t\t\t\t<\/div><!-- .entry-meta -->\n\t\t\t\t\t\t\t\t\t\t\t<div class=\"hovered-social-icons wd-tltp wd-tltp-top\">\n\t\t\t\t\t\t\t<div class=\"wd-tooltip-label\">\n\t\t\t\t\t\t\t\t\n\t\t\t<div class=\"wd-social-icons text-center icons-design-default icons-size-small color-scheme-light social-share social-form-circle\">\n\t\t\t\t\t\t\t\t\t<a rel=\"noopener noreferrer nofollow\" href=\"https:\/\/www.facebook.com\/sharer\/sharer.php?u=http:\/\/www.xartcreative.com\/taksi\/2021\/07\/23\/exploring-atlantas-modern-homes\/\" target=\"_blank\" class=\" wd-social-icon social-facebook\" aria-label=\"Facebook social link\">\n\t\t\t\t\t\t<span class=\"wd-icon\"><\/span>\n\t\t\t\t\t\t\t\t\t\t\t<\/a>\n\t\t\t\t\n\t\t\t\t\t\t\t\t\t<a rel=\"noopener noreferrer nofollow\" href=\"https:\/\/twitter.com\/share?url=http:\/\/www.xartcreative.com\/taksi\/2021\/07\/23\/exploring-atlantas-modern-homes\/\" target=\"_blank\" class=\" wd-social-icon social-twitter\" aria-label=\"Twitter social link\">\n\t\t\t\t\t\t<span class=\"wd-icon\"><\/span>\n\t\t\t\t\t\t\t\t\t\t\t<\/a>\n\t\t\t\t\n\t\t\t\t\n\t\t\t\t\n\t\t\t\t\n\t\t\t\t\t\t\t\t\t<a rel=\"noopener noreferrer nofollow\" href=\"https:\/\/pinterest.com\/pin\/create\/button\/?url=http:\/\/www.xartcreative.com\/taksi\/2021\/07\/23\/exploring-atlantas-modern-homes\/&media=http:\/\/www.xartcreative.com\/taksi\/wp-content\/uploads\/2022\/10\/photo-1556122071-e404eaedb77f.jpg&description=Taksi+Fiyatlar%C4%B1na+Zam+m%C4%B1+Gelecek+%3F\" target=\"_blank\" class=\" wd-social-icon social-pinterest\" aria-label=\"Pinterest social link\">\n\t\t\t\t\t\t<span class=\"wd-icon\"><\/span>\n\t\t\t\t\t\t\t\t\t\t\t<\/a>\n\t\t\t\t\n\t\t\t\t\n\t\t\t\t\t\t\t\t\t<a rel=\"noopener noreferrer nofollow\" href=\"https:\/\/www.linkedin.com\/shareArticle?mini=true&url=http:\/\/www.xartcreative.com\/taksi\/2021\/07\/23\/exploring-atlantas-modern-homes\/\" target=\"_blank\" class=\" wd-social-icon social-linkedin\" aria-label=\"Linkedin social link\">\n\t\t\t\t\t\t<span class=\"wd-icon\"><\/span>\n\t\t\t\t\t\t\t\t\t\t\t<\/a>\n\t\t\t\t\n\t\t\t\t\n\t\t\t\t\n\t\t\t\t\n\t\t\t\t\n\t\t\t\t\n\t\t\t\t\n\t\t\t\t\n\t\t\t\t\n\t\t\t\t\n\t\t\t\t\t\t\t\t\n\t\t\t\t\t\t\t\t\n\t\t\t\t\n\t\t\t\t\t\t\t\t\t<a rel=\"noopener noreferrer nofollow\" href=\"https:\/\/telegram.me\/share\/url?url=http:\/\/www.xartcreative.com\/taksi\/2021\/07\/23\/exploring-atlantas-modern-homes\/\" target=\"_blank\" class=\" wd-social-icon social-tg\" aria-label=\"Telegram social link\">\n\t\t\t\t\t\t<span class=\"wd-icon\"><\/span>\n\t\t\t\t\t\t\t\t\t\t\t<\/a>\n\t\t\t\t\t\t\t\t\n\t\t\t\t\n\t\t\t<\/div>\n\n\t\t\t\t\t\t\t\t\t<\/div>\n\t\t\t\t\t\t<\/div>\n\t\t\t\t\t\t\t\t\t\t\t\t\n\t\t\t\t\t\t\t<div class=\"entry-content wd-entry-content\">\n\t\t\t\t\tKoronavir\u00fcs (covid 19) pandemisi s\u00fcrecinde, \u00f6zellikle son 3 y\u0131ld\u0131r ciddi bir i\u015f ve kazan\u00e7 kayb\u0131 ya\u015fayan taksi plakas\u0131 sahipleri ve taks...<p class=\"read-more-section\"><a class=\"btn-read-more more-link\" href=\"http:\/\/www.xartcreative.com\/taksi\/2021\/07\/23\/exploring-atlantas-modern-homes\/\">Continue reading<\/a><\/p>\t\t\t\t\t\t\t\t\t<\/div><!-- .entry-content -->\n\t\t\t\n\t\t\t\n\t\t\t\t\t<\/div>\n\t<\/div>\n<\/article><!-- #post -->\n\n\n<\/div>[\/vc_column][\/vc_row]<\/p>\n","protected":false},"excerpt":{"rendered":"<p>[vc_row][vc_column][\/vc_column][\/vc_row]<\/p>\n","protected":false},"author":1,"featured_media":0,"parent":0,"menu_order":0,"comment_status":"closed","ping_status":"closed","template":"","meta":{"footnotes":""},"class_list":["post-7069","page","type-page","status-publish","hentry"],"_links":{"self":[{"href":"http:\/\/www.xartcreative.com\/taksi\/wp-json\/wp\/v2\/pages\/7069","targetHints":{"allow":["GET"]}}],"collection":[{"href":"http:\/\/www.xartcreative.com\/taksi\/wp-json\/wp\/v2\/pages"}],"about":[{"href":"http:\/\/www.xartcreative.com\/taksi\/wp-json\/wp\/v2\/types\/page"}],"author":[{"embeddable":true,"href":"http:\/\/www.xartcreative.com\/taksi\/wp-json\/wp\/v2\/users\/1"}],"replies":[{"embeddable":true,"href":"http:\/\/www.xartcreative.com\/taksi\/wp-json\/wp\/v2\/comments?post=7069"}],"version-history":[{"count":3,"href":"http:\/\/www.xartcreative.com\/taksi\/wp-json\/wp\/v2\/pages\/7069\/revisions"}],"predecessor-version":[{"id":7274,"href":"http:\/\/www.xartcreative.com\/taksi\/wp-json\/wp\/v2\/pages\/7069\/revisions\/7274"}],"wp:attachment":[{"href":"http:\/\/www.xartcreative.com\/taksi\/wp-json\/wp\/v2\/media?parent=7069"}],"curies":[{"name":"wp","href":"https:\/\/api.w.org\/{rel}","templated":true}]}}