{"id":7060,"date":"2022-10-05T15:01:26","date_gmt":"2022-10-05T15:01:26","guid":{"rendered":"http:\/\/www.xartcreative.com\/taksi\/?page_id=7060"},"modified":"2022-10-07T20:39:41","modified_gmt":"2022-10-07T20:39:41","slug":"hakkimizda","status":"publish","type":"page","link":"http:\/\/www.xartcreative.com\/taksi\/hakkimizda\/","title":{"rendered":"Hakk\u0131m\u0131zda"},"content":{"rendered":"<p>[vc_row][vc_column width=&#8221;1\/2&#8243;][vc_column_text woodmart_inline=&#8221;no&#8221; text_larger=&#8221;no&#8221;]KEPEZ TAKS\u0130 YENER her zaman temiz ve bak\u0131ml\u0131 ara\u00e7lar\u0131 ile 7 g\u00fcn 24 saat hizmet vermektedir. Tecr\u00fcbesi ile hizmet veren taksi dura\u011f\u0131m\u0131z \u015fehirler aras\u0131, havaalan\u0131, otogar,hastane vb. gibi m\u00fc\u015fteri memnuniyetini en \u00fcst seviyede tutmak amac\u0131yla, misafir olarak g\u00f6rd\u00fc\u011f\u00fcm\u00fcz yolcular\u0131m\u0131z\u0131n g\u00fcvenli, huzurlu ve rahat yolculuk yapabilmesi i\u00e7in gerekli hassasiyeti g\u00f6stermektedir.<\/p>\n<p>Alo taksi ile ula\u015fan t\u00fcm \u00e7a\u011fr\u0131lara, en k\u0131sa s\u00fcrede ula\u015fmay\u0131 temel ilke edinmi\u015f Kepez Taksi Yener siz de\u011ferli m\u00fc\u015fterilerimizin 7\/24 hizmetindedir.<\/p>\n<p>Taksi hizmetlerimize, Mobil cihazlardan, tabletlerden ve bilgisayarlar\u0131n\u0131zdan \u00e7ok kolay bir \u015fekilde ula\u015fabilirsiniz.<\/p>\n<p>Kepez Taksi Yener \u015fehir i\u00e7i ve \u015fehir d\u0131\u015f\u0131 ta\u015f\u0131ma hizmetleri ile beklentileri tam anlam\u0131yla kar\u015f\u0131lamaya devam etmektedir.<\/p>\n<p>Sa\u011fl\u0131kl\u0131 ve Huzurlu Yolculuklar Dileriz.<br \/>\nKepez Taksi Yener Taksi Dura\u011f\u0131 Y\u00f6netimi[\/vc_column_text][\/vc_column][vc_column width=&#8221;1\/2&#8243;][vc_single_image image=&#8221;7270&#8243; img_size=&#8221;full&#8221; parallax_scroll=&#8221;no&#8221; woodmart_inline=&#8221;no&#8221;][\/vc_column][\/vc_row]<\/p>\n","protected":false},"excerpt":{"rendered":"<p>[vc_row][vc_column width=&#8221;1\/2&#8243;][vc_column_text woodmart_inline=&#8221;no&#8221; text_larger=&#8221;no&#8221;]KEPEZ TAKS\u0130 YENER her zaman temiz ve bak\u0131ml\u0131 ara\u00e7lar\u0131 ile 7 g\u00fcn 24 saat hizmet vermektedir. Tecr\u00fcbesi<\/p>\n","protected":false},"author":1,"featured_media":0,"parent":0,"menu_order":0,"comment_status":"closed","ping_status":"closed","template":"","meta":{"footnotes":""},"class_list":["post-7060","page","type-page","status-publish","hentry"],"_links":{"self":[{"href":"http:\/\/www.xartcreative.com\/taksi\/wp-json\/wp\/v2\/pages\/7060","targetHints":{"allow":["GET"]}}],"collection":[{"href":"http:\/\/www.xartcreative.com\/taksi\/wp-json\/wp\/v2\/pages"}],"about":[{"href":"http:\/\/www.xartcreative.com\/taksi\/wp-json\/wp\/v2\/types\/page"}],"author":[{"embeddable":true,"href":"http:\/\/www.xartcreative.com\/taksi\/wp-json\/wp\/v2\/users\/1"}],"replies":[{"embeddable":true,"href":"http:\/\/www.xartcreative.com\/taksi\/wp-json\/wp\/v2\/comments?post=7060"}],"version-history":[{"count":4,"href":"http:\/\/www.xartcreative.com\/taksi\/wp-json\/wp\/v2\/pages\/7060\/revisions"}],"predecessor-version":[{"id":7272,"href":"http:\/\/www.xartcreative.com\/taksi\/wp-json\/wp\/v2\/pages\/7060\/revisions\/7272"}],"wp:attachment":[{"href":"http:\/\/www.xartcreative.com\/taksi\/wp-json\/wp\/v2\/media?parent=7060"}],"curies":[{"name":"wp","href":"https:\/\/api.w.org\/{rel}","templated":true}]}}